{"id":644,"date":"2022-01-23T13:46:42","date_gmt":"2022-01-23T17:46:42","guid":{"rendered":"https:\/\/espacioconvalor.com\/site\/?page_id=644"},"modified":"2022-03-12T12:37:56","modified_gmt":"2022-03-12T16:37:56","slug":"adquiere-conquista-tus-finanzas","status":"publish","type":"page","link":"https:\/\/espacioconvalor.com\/site\/adquiere-conquista-tus-finanzas\/","title":{"rendered":"Comprar Libro"},"content":{"rendered":"<div class=\"wpb-content-wrapper\"><p>[vc_row][vc_column][vc_custom_heading text=&#8221;Adquiere hoy tu ejemplar&#8221; font_container=&#8221;tag:h2|font_size:24px|text_align:left&#8221; google_fonts=&#8221;font_family:Montserrat%3Aregular%2C700|font_style:400%20regular%3A400%3Anormal&#8221;][\/vc_column][\/vc_row][vc_row][vc_column][vc_column_text]<span style=\"font-weight: 400; color: #05476f;\"><strong>Conquista tus finanzas, supera los 13 errores que impiden tu bienestar financiero.<\/strong><\/span><\/p>\n<p>Una gu\u00eda simple, pero potente para organizar tus finanzas[\/vc_column_text][\/vc_column][\/vc_row][vc_row][vc_column][vc_single_image image=&#8221;649&#8243; img_size=&#8221;medium&#8221; alignment=&#8221;center&#8221;][vc_empty_space][\/vc_column][\/vc_row][vc_row][vc_column][vc_column_text]<span style=\"font-weight: 400;\">Para comprar tu libro <strong>de inmediato y desde cualquier parte del mundo<\/strong> a trav\u00e9s de <strong>Amazon<\/strong>, haz clic aqu\u00ed:<\/span>[\/vc_column_text][\/vc_column][\/vc_row][vc_row][vc_column][vc_btn title=&#8221;Comprar en Amazon&#8221; color=&#8221;green&#8221; align=&#8221;center&#8221; link=&#8221;url:https%3A%2F%2Fwww.amazon.com%2FConquista-tus-finanzas-bienestar-financiero-ebook%2Fdp%2FB09NF5SPSN&#8221;][\/vc_column][\/vc_row][vc_row][vc_column][vc_column_text]<\/p>\n<p style=\"text-align: center;\"><em><span style=\"font-weight: 400;\">Disponible en versi\u00f3n en ebook y libro f\u00edsico.<\/span><\/em><\/p>\n<p>[\/vc_column_text][\/vc_column][\/vc_row][vc_row][vc_column][vc_column_text]Si est\u00e1s en Venezuela y deseas adquirir la versi\u00f3n f\u00edsica del libro, haz clic aqu\u00ed:[\/vc_column_text][\/vc_column][\/vc_row][vc_row][vc_column][vc_btn title=&#8221;Comprar en Venezuela&#8221; color=&#8221;green&#8221; align=&#8221;center&#8221; link=&#8221;url:https%3A%2F%2Fwa.me%2Fmessage%2FBJSZOZW6ZFNLD1&#8243;][\/vc_column][\/vc_row]<\/p>\n<\/div>","protected":false},"excerpt":{"rendered":"<p>[vc_row][vc_column][vc_custom_heading text=&#8221;Adquiere hoy tu ejemplar&#8221; font_container=&#8221;tag:h2|font_size:24px|text_align:left&#8221; google_fonts=&#8221;font_family:Montserrat%3Aregular%2C700|font_style:400%20regular%3A400%3Anormal&#8221;][\/vc_column][\/vc_row][vc_row][vc_column][vc_column_text]Conquista tus finanzas, supera los 13 errores que impiden tu bienestar financiero. Una gu\u00eda [&hellip;]<\/p>\n","protected":false},"author":2,"featured_media":0,"parent":0,"menu_order":0,"comment_status":"closed","ping_status":"closed","template":"","meta":{"footnotes":""},"class_list":["post-644","page","type-page","status-publish","hentry"],"yoast_head":"<!-- This site is optimized with the Yoast SEO plugin v26.9 - https:\/\/yoast.com\/product\/yoast-seo-wordpress\/ -->\n<title>Comprar Libro - Espacio Con Valor<\/title>\n<meta name=\"robots\" content=\"index, follow, max-snippet:-1, max-image-preview:large, max-video-preview:-1\" \/>\n<link rel=\"canonical\" href=\"https:\/\/espacioconvalor.com\/site\/adquiere-conquista-tus-finanzas\/\" \/>\n<meta property=\"og:locale\" content=\"es_ES\" \/>\n<meta property=\"og:type\" content=\"article\" \/>\n<meta property=\"og:title\" content=\"Comprar Libro - Espacio Con Valor\" \/>\n<meta property=\"og:description\" content=\"[vc_row][vc_column][vc_custom_heading text=&#8221;Adquiere hoy tu ejemplar&#8221; font_container=&#8221;tag:h2|font_size:24px|text_align:left&#8221; google_fonts=&#8221;font_family:Montserrat%3Aregular%2C700|font_style:400%20regular%3A400%3Anormal&#8221;][\/vc_column][\/vc_row][vc_row][vc_column][vc_column_text]Conquista tus finanzas, supera los 13 errores que impiden tu bienestar financiero. Una gu\u00eda [&hellip;]\" \/>\n<meta property=\"og:url\" content=\"https:\/\/espacioconvalor.com\/site\/adquiere-conquista-tus-finanzas\/\" \/>\n<meta property=\"og:site_name\" content=\"Espacio Con Valor\" \/>\n<meta property=\"article:modified_time\" content=\"2022-03-12T16:37:56+00:00\" \/>\n<meta name=\"twitter:card\" content=\"summary_large_image\" \/>\n<meta name=\"twitter:label1\" content=\"Tiempo de lectura\" \/>\n\t<meta name=\"twitter:data1\" content=\"1 minuto\" \/>\n<script type=\"application\/ld+json\" class=\"yoast-schema-graph\">{\"@context\":\"https:\/\/schema.org\",\"@graph\":[{\"@type\":\"WebPage\",\"@id\":\"https:\/\/espacioconvalor.com\/site\/adquiere-conquista-tus-finanzas\/\",\"url\":\"https:\/\/espacioconvalor.com\/site\/adquiere-conquista-tus-finanzas\/\",\"name\":\"Comprar Libro - Espacio Con Valor\",\"isPartOf\":{\"@id\":\"https:\/\/espacioconvalor.com\/site\/#website\"},\"datePublished\":\"2022-01-23T17:46:42+00:00\",\"dateModified\":\"2022-03-12T16:37:56+00:00\",\"inLanguage\":\"es\",\"potentialAction\":[{\"@type\":\"ReadAction\",\"target\":[\"https:\/\/espacioconvalor.com\/site\/adquiere-conquista-tus-finanzas\/\"]}]},{\"@type\":\"WebSite\",\"@id\":\"https:\/\/espacioconvalor.com\/site\/#website\",\"url\":\"https:\/\/espacioconvalor.com\/site\/\",\"name\":\"Espacio Con Valor\",\"description\":\"Finanzas f\u00e1ciles para tu bienestar\",\"potentialAction\":[{\"@type\":\"SearchAction\",\"target\":{\"@type\":\"EntryPoint\",\"urlTemplate\":\"https:\/\/espacioconvalor.com\/site\/?s={search_term_string}\"},\"query-input\":{\"@type\":\"PropertyValueSpecification\",\"valueRequired\":true,\"valueName\":\"search_term_string\"}}],\"inLanguage\":\"es\"}]}<\/script>\n<!-- \/ Yoast SEO plugin. -->","yoast_head_json":{"title":"Comprar Libro - Espacio Con Valor","robots":{"index":"index","follow":"follow","max-snippet":"max-snippet:-1","max-image-preview":"max-image-preview:large","max-video-preview":"max-video-preview:-1"},"canonical":"https:\/\/espacioconvalor.com\/site\/adquiere-conquista-tus-finanzas\/","og_locale":"es_ES","og_type":"article","og_title":"Comprar Libro - Espacio Con Valor","og_description":"[vc_row][vc_column][vc_custom_heading text=&#8221;Adquiere hoy tu ejemplar&#8221; font_container=&#8221;tag:h2|font_size:24px|text_align:left&#8221; google_fonts=&#8221;font_family:Montserrat%3Aregular%2C700|font_style:400%20regular%3A400%3Anormal&#8221;][\/vc_column][\/vc_row][vc_row][vc_column][vc_column_text]Conquista tus finanzas, supera los 13 errores que impiden tu bienestar financiero. Una gu\u00eda [&hellip;]","og_url":"https:\/\/espacioconvalor.com\/site\/adquiere-conquista-tus-finanzas\/","og_site_name":"Espacio Con Valor","article_modified_time":"2022-03-12T16:37:56+00:00","twitter_card":"summary_large_image","twitter_misc":{"Tiempo de lectura":"1 minuto"},"schema":{"@context":"https:\/\/schema.org","@graph":[{"@type":"WebPage","@id":"https:\/\/espacioconvalor.com\/site\/adquiere-conquista-tus-finanzas\/","url":"https:\/\/espacioconvalor.com\/site\/adquiere-conquista-tus-finanzas\/","name":"Comprar Libro - Espacio Con Valor","isPartOf":{"@id":"https:\/\/espacioconvalor.com\/site\/#website"},"datePublished":"2022-01-23T17:46:42+00:00","dateModified":"2022-03-12T16:37:56+00:00","inLanguage":"es","potentialAction":[{"@type":"ReadAction","target":["https:\/\/espacioconvalor.com\/site\/adquiere-conquista-tus-finanzas\/"]}]},{"@type":"WebSite","@id":"https:\/\/espacioconvalor.com\/site\/#website","url":"https:\/\/espacioconvalor.com\/site\/","name":"Espacio Con Valor","description":"Finanzas f\u00e1ciles para tu bienestar","potentialAction":[{"@type":"SearchAction","target":{"@type":"EntryPoint","urlTemplate":"https:\/\/espacioconvalor.com\/site\/?s={search_term_string}"},"query-input":{"@type":"PropertyValueSpecification","valueRequired":true,"valueName":"search_term_string"}}],"inLanguage":"es"}]}},"_links":{"self":[{"href":"https:\/\/espacioconvalor.com\/site\/wp-json\/wp\/v2\/pages\/644","targetHints":{"allow":["GET"]}}],"collection":[{"href":"https:\/\/espacioconvalor.com\/site\/wp-json\/wp\/v2\/pages"}],"about":[{"href":"https:\/\/espacioconvalor.com\/site\/wp-json\/wp\/v2\/types\/page"}],"author":[{"embeddable":true,"href":"https:\/\/espacioconvalor.com\/site\/wp-json\/wp\/v2\/users\/2"}],"replies":[{"embeddable":true,"href":"https:\/\/espacioconvalor.com\/site\/wp-json\/wp\/v2\/comments?post=644"}],"version-history":[{"count":9,"href":"https:\/\/espacioconvalor.com\/site\/wp-json\/wp\/v2\/pages\/644\/revisions"}],"predecessor-version":[{"id":721,"href":"https:\/\/espacioconvalor.com\/site\/wp-json\/wp\/v2\/pages\/644\/revisions\/721"}],"wp:attachment":[{"href":"https:\/\/espacioconvalor.com\/site\/wp-json\/wp\/v2\/media?parent=644"}],"curies":[{"name":"wp","href":"https:\/\/api.w.org\/{rel}","templated":true}]}}