{"id":626,"date":"2022-01-23T10:02:33","date_gmt":"2022-01-23T14:02:33","guid":{"rendered":"https:\/\/espacioconvalor.com\/site\/?page_id=626"},"modified":"2022-02-01T12:55:14","modified_gmt":"2022-02-01T16:55:14","slug":"libro-conquista-tus-finanzas","status":"publish","type":"page","link":"https:\/\/espacioconvalor.com\/site\/libro-conquista-tus-finanzas\/","title":{"rendered":"Libro Conquista tus Finanzas"},"content":{"rendered":"<div class=\"wpb-content-wrapper\"><p>[vc_row][vc_column][vc_column_text]<\/p>\n<h1 style=\"text-align: center;\"><span style=\"font-weight: 400;\">Organizar tus finanzas puede ser simple y potente: \u00a1esta es una gu\u00eda!<\/span><\/h1>\n<p>[\/vc_column_text][vc_empty_space][\/vc_column][\/vc_row][vc_row][vc_column][vc_video link=&#8221;https:\/\/youtu.be\/2d51Rl06Fjs?autoplay=1&amp;rel=0&#8243;][\/vc_column][\/vc_row][vc_row][vc_column][vc_empty_space][vc_column_text]<\/p>\n<h4><b>Las finanzas personales tienen un componente humano, que va m\u00e1s all\u00e1 de los c\u00e1lculos y que pocas veces es abordado en los libros. <\/b><\/h4>\n<p>[\/vc_column_text][vc_empty_space height=&#8221;24px&#8221;][\/vc_column][\/vc_row][vc_row][vc_column][vc_column_text]<span style=\"font-weight: 400;\">El libro <a href=\"https:\/\/www.amazon.com\/-\/es\/Rafael-Ernesto-%C3%81lvarez-Risquez\/dp\/B09NGTP4R2\/ref=sr_1_3?__mk_es_US=%C3%85M%C3%85%C5%BD%C3%95%C3%91&amp;keywords=conquista+tus+finanzas&amp;qid=1639419310&amp;sr=8-3\"><strong>Conquista tus Finanzas<\/strong><\/a> te ayudar\u00e1 a:<\/span><\/p>\n<ul>\n<li style=\"font-weight: 400;\" aria-level=\"1\"><span style=\"font-weight: 400;\">Ahorrar tiempo, dinero y esfuerzos en el camino hacia tu libertad financiera<\/span><\/li>\n<li style=\"font-weight: 400;\" aria-level=\"1\"><span style=\"font-weight: 400;\">Ubicar tu situaci\u00f3n actual y elaborar un plan para alcanzar el bienestar\u00a0<\/span><\/li>\n<li style=\"font-weight: 400;\" aria-level=\"1\"><span style=\"font-weight: 400;\">Comprender los aspectos que hacen la diferencia entre el \u00e9xito y el fracaso al administrar tu dinero.<\/span><\/li>\n<\/ul>\n<p>[\/vc_column_text][\/vc_column][\/vc_row][vc_row][vc_column][vc_empty_space][\/vc_column][\/vc_row][vc_row][vc_column][vc_btn title=&#8221;Quiero organizar mis finanzas ahora&#8221; color=&#8221;green&#8221; align=&#8221;center&#8221; link=&#8221;url:https%3A%2F%2Fespacioconvalor.com%2Fsite%2Fadquiere-conquista-tus-finanzas%2F|title:Comprar&#8221; css=&#8221;.vc_custom_1642960108316{border-radius: 1px !important;}&#8221;][\/vc_column][\/vc_row][vc_row][vc_column][vc_empty_space][\/vc_column][\/vc_row][vc_row][vc_column][vc_column_text]<b>El libro Conquista tus Finanzas<\/b><span style=\"font-weight: 400;\"> desarrolla las 3 dimensiones del bienestar financiero para que identifiques r\u00e1pidamente tus fortalezas y debilidades para entrar en acci\u00f3n:<\/span><\/p>\n<ul>\n<li><b>Pr\u00e1cticas:<\/b><span style=\"font-weight: 400;\"> Est\u00e1n relacionados con tu comportamiento, con lo que haces cada d\u00eda, es decir, tus h\u00e1bitos.<\/span><\/li>\n<li><b>Mentalidad: <span style=\"font-weight: 400;\">Es la manera como ves al mundo y tiene un impacto profundo en tus resultados financieros. Hace la diferencia entre tu \u00e9xito y tu fracaso<\/span>.<\/b><\/li>\n<li><b>Herramientas:<\/b>\u00a0<span style=\"font-weight: 400;\">Se trata de instrumentos especialmente dise\u00f1ados para alcanzar objetivos espec\u00edficos que te har\u00e1n m\u00e1s f\u00e1cil el recorrido.<\/span><\/li>\n<\/ul>\n<p>[\/vc_column_text][\/vc_column][\/vc_row][vc_row][vc_column][vc_custom_heading text=&#8221;\u00bfPor qu\u00e9 leer Conquista tus Finanzas?&#8221; font_container=&#8221;tag:h3|text_align:left&#8221; google_fonts=&#8221;font_family:Montserrat%3Aregular%2C700|font_style:400%20regular%3A400%3Anormal&#8221;][\/vc_column][\/vc_row][vc_row][vc_column width=&#8221;1\/2&#8243;][vc_single_image image=&#8221;521&#8243; img_size=&#8221;medium&#8221;][\/vc_column][vc_column width=&#8221;1\/2&#8243;][vc_column_text]<\/p>\n<ul>\n<li style=\"font-weight: 400;\" aria-level=\"1\"><span style=\"font-weight: 400;\">Explica los conceptos financieros, que parecen complejos, en un lenguaje claro, fresco y digerible<\/span><\/li>\n<li style=\"font-weight: 400;\" aria-level=\"1\"><span style=\"font-weight: 400;\">Muestra situaciones reales y c\u00f3mo puedes resolverlas de una forma sencilla<\/span><\/li>\n<li style=\"font-weight: 400;\" aria-level=\"1\"><span style=\"font-weight: 400;\">Ofrece herramientas pr\u00e1cticas basadas en investigaciones con resultados comprobados<\/span><\/li>\n<li style=\"font-weight: 400;\" aria-level=\"1\"><span style=\"font-weight: 400;\">Una lectura con sustancia que nos invita y motiva a la acci\u00f3n<\/span><\/li>\n<li style=\"font-weight: 400;\" aria-level=\"1\"><span style=\"font-weight: 400;\">Te ayuda a identificar y romper paradigmas del tema financiero<\/span><\/li>\n<\/ul>\n<p>[\/vc_column_text][\/vc_column][\/vc_row][vc_row][vc_column][vc_btn title=&#8221;Quiero mejorar mi situaci\u00f3n financiera&#8221; color=&#8221;green&#8221; align=&#8221;center&#8221; link=&#8221;url:https%3A%2F%2Fespacioconvalor.com%2Fsite%2Fadquiere-conquista-tus-finanzas%2F|title:Comprar&#8221;][\/vc_column][\/vc_row][vc_row][vc_column][vc_custom_heading text=&#8221;\u00bfQu\u00e9 opinan qui\u00e9nes han le\u00eddo Conquista tus Finanzas?&#8221; font_container=&#8221;tag:h3|text_align:left&#8221; google_fonts=&#8221;font_family:Montserrat%3Aregular%2C700|font_style:400%20regular%3A400%3Anormal&#8221;][\/vc_column][\/vc_row][vc_row][vc_column][vc_empty_space][\/vc_column][\/vc_row][vc_row][vc_column]<div class=\"slider testimonials black-navigation kd-testimonial-69d7fa538b421  without-image\" ><div class=\"tt-content \">\n              <div class=\"tt-content-inner\">\n                <div class=\"tt-container\" style=\" \">\n                    <h6 style=\" font-size: 18px;\"\">\u201cLos autores abordan el complejo tema de las finanzas de una forma simple y clara que todos podemos no solo entender sino a la vez, implementar.\u201d<\/h6>\n                    <span class=\"author\" >Luis Vicente, Venezuela.<\/span>\n                    <span class=\"content\" ><\/span>\n                <\/div>\n                <div class=\"tt-image\"><\/div>\n                <\/div>\n            <\/div><div class=\"tt-content \">\n              <div class=\"tt-content-inner\">\n                <div class=\"tt-container\" style=\" \">\n                    <h6 style=\" font-size: 18px;\"\">\u201cNos muestra con ejemplos pr\u00e1cticos los errores que debemos evitar o corregir para organizar nuestras finanzas desde todos los \u00e1ngulos.\u201d<\/h6>\n                    <span class=\"author\" >Maria Antonia, Miami.<\/span>\n                    <span class=\"content\" ><\/span>\n                <\/div>\n                <div class=\"tt-image\"><\/div>\n                <\/div>\n            <\/div><div class=\"tt-content \">\n              <div class=\"tt-content-inner\">\n                <div class=\"tt-container\" style=\" \">\n                    <h6 style=\" font-size: 18px;\"\">\u201cPresentar los conceptos desde el enfoque de los errores que ya estaba cometiendo financieramente en mi vida diaria me permiti\u00f3 conectarme mejor y sacarle provecho a cada cap\u00edtulo.\u201d<\/h6>\n                    <span class=\"author\" >Alexander, Miami.<\/span>\n                    <span class=\"content\" ><\/span>\n                <\/div>\n                <div class=\"tt-image\"><\/div>\n                <\/div>\n            <\/div><\/div><script type=\"text\/javascript\">\n              jQuery(document).ready(function($){\n                if ($(\".slider.testimonials.kd-testimonial-69d7fa538b421\").length) {\n                  $(\".slider.testimonials.kd-testimonial-69d7fa538b421\").owlCarousel({\n                    stageClass: \"owl-wrapper\",\n                    stageOuterClass: \"owl-wrapper-outer\",\n                    loadedClass: \"owl-carousel\",responsive:{\n                        0:{\n                            dots: false,\n                            nav: true,\n                            navSpeed: 500,\n                        },\n                        960:{\nnav: true,\n                              navSpeed: 500,\n                              dots: true,\n                              dotsSpeed: 500,\n                              dotsEach: true,}\n                    },\n                    items: 1,\n                    rewind: true,\n                    loop: true,autoplay: false,autoplayHoverPause: false,\n                  });\n                }\n              });\n            <\/script>[\/vc_column][\/vc_row][vc_row][vc_column][vc_empty_space][\/vc_column][\/vc_row][vc_row][vc_column][vc_btn title=&#8221;Comprar Conquista tus finanzas&#8221; color=&#8221;green&#8221; align=&#8221;center&#8221; link=&#8221;url:https%3A%2F%2Fespacioconvalor.com%2Fsite%2Fadquiere-conquista-tus-finanzas%2F|title:Comprar&#8221;][\/vc_column][\/vc_row]<\/p>\n<\/div>","protected":false},"excerpt":{"rendered":"<p>[vc_row][vc_column][vc_column_text] Organizar tus finanzas puede ser simple y potente: \u00a1esta es una gu\u00eda! [\/vc_column_text][vc_empty_space][\/vc_column][\/vc_row][vc_row][vc_column][vc_video link=&#8221;https:\/\/youtu.be\/2d51Rl06Fjs?autoplay=1&amp;rel=0&#8243;][\/vc_column][\/vc_row][vc_row][vc_column][vc_empty_space][vc_column_text] Las finanzas personales tienen un [&hellip;]<\/p>\n","protected":false},"author":2,"featured_media":0,"parent":0,"menu_order":0,"comment_status":"closed","ping_status":"closed","template":"","meta":{"footnotes":""},"class_list":["post-626","page","type-page","status-publish","hentry"],"yoast_head":"<!-- This site is optimized with the Yoast SEO plugin v26.9 - https:\/\/yoast.com\/product\/yoast-seo-wordpress\/ -->\n<title>Libro Conquista tus Finanzas - Espacio Con Valor<\/title>\n<meta name=\"robots\" content=\"index, follow, max-snippet:-1, max-image-preview:large, max-video-preview:-1\" \/>\n<link rel=\"canonical\" href=\"https:\/\/espacioconvalor.com\/site\/libro-conquista-tus-finanzas\/\" \/>\n<meta property=\"og:locale\" content=\"es_ES\" \/>\n<meta property=\"og:type\" content=\"article\" \/>\n<meta property=\"og:title\" content=\"Libro Conquista tus Finanzas - Espacio Con Valor\" \/>\n<meta property=\"og:description\" content=\"[vc_row][vc_column][vc_column_text] Organizar tus finanzas puede ser simple y potente: \u00a1esta es una gu\u00eda! [\/vc_column_text][vc_empty_space][\/vc_column][\/vc_row][vc_row][vc_column][vc_video link=&#8221;https:\/\/youtu.be\/2d51Rl06Fjs?autoplay=1&amp;rel=0&#8243;][\/vc_column][\/vc_row][vc_row][vc_column][vc_empty_space][vc_column_text] Las finanzas personales tienen un [&hellip;]\" \/>\n<meta property=\"og:url\" content=\"https:\/\/espacioconvalor.com\/site\/libro-conquista-tus-finanzas\/\" \/>\n<meta property=\"og:site_name\" content=\"Espacio Con Valor\" \/>\n<meta property=\"article:modified_time\" content=\"2022-02-01T16:55:14+00:00\" \/>\n<meta name=\"twitter:card\" content=\"summary_large_image\" \/>\n<meta name=\"twitter:label1\" content=\"Tiempo de lectura\" \/>\n\t<meta name=\"twitter:data1\" content=\"2 minutos\" \/>\n<script type=\"application\/ld+json\" class=\"yoast-schema-graph\">{\"@context\":\"https:\/\/schema.org\",\"@graph\":[{\"@type\":\"WebPage\",\"@id\":\"https:\/\/espacioconvalor.com\/site\/libro-conquista-tus-finanzas\/\",\"url\":\"https:\/\/espacioconvalor.com\/site\/libro-conquista-tus-finanzas\/\",\"name\":\"Libro Conquista tus Finanzas - Espacio Con Valor\",\"isPartOf\":{\"@id\":\"https:\/\/espacioconvalor.com\/site\/#website\"},\"datePublished\":\"2022-01-23T14:02:33+00:00\",\"dateModified\":\"2022-02-01T16:55:14+00:00\",\"inLanguage\":\"es\",\"potentialAction\":[{\"@type\":\"ReadAction\",\"target\":[\"https:\/\/espacioconvalor.com\/site\/libro-conquista-tus-finanzas\/\"]}]},{\"@type\":\"WebSite\",\"@id\":\"https:\/\/espacioconvalor.com\/site\/#website\",\"url\":\"https:\/\/espacioconvalor.com\/site\/\",\"name\":\"Espacio Con Valor\",\"description\":\"Finanzas f\u00e1ciles para tu bienestar\",\"potentialAction\":[{\"@type\":\"SearchAction\",\"target\":{\"@type\":\"EntryPoint\",\"urlTemplate\":\"https:\/\/espacioconvalor.com\/site\/?s={search_term_string}\"},\"query-input\":{\"@type\":\"PropertyValueSpecification\",\"valueRequired\":true,\"valueName\":\"search_term_string\"}}],\"inLanguage\":\"es\"}]}<\/script>\n<!-- \/ Yoast SEO plugin. -->","yoast_head_json":{"title":"Libro Conquista tus Finanzas - Espacio Con Valor","robots":{"index":"index","follow":"follow","max-snippet":"max-snippet:-1","max-image-preview":"max-image-preview:large","max-video-preview":"max-video-preview:-1"},"canonical":"https:\/\/espacioconvalor.com\/site\/libro-conquista-tus-finanzas\/","og_locale":"es_ES","og_type":"article","og_title":"Libro Conquista tus Finanzas - Espacio Con Valor","og_description":"[vc_row][vc_column][vc_column_text] Organizar tus finanzas puede ser simple y potente: \u00a1esta es una gu\u00eda! [\/vc_column_text][vc_empty_space][\/vc_column][\/vc_row][vc_row][vc_column][vc_video link=&#8221;https:\/\/youtu.be\/2d51Rl06Fjs?autoplay=1&amp;rel=0&#8243;][\/vc_column][\/vc_row][vc_row][vc_column][vc_empty_space][vc_column_text] Las finanzas personales tienen un [&hellip;]","og_url":"https:\/\/espacioconvalor.com\/site\/libro-conquista-tus-finanzas\/","og_site_name":"Espacio Con Valor","article_modified_time":"2022-02-01T16:55:14+00:00","twitter_card":"summary_large_image","twitter_misc":{"Tiempo de lectura":"2 minutos"},"schema":{"@context":"https:\/\/schema.org","@graph":[{"@type":"WebPage","@id":"https:\/\/espacioconvalor.com\/site\/libro-conquista-tus-finanzas\/","url":"https:\/\/espacioconvalor.com\/site\/libro-conquista-tus-finanzas\/","name":"Libro Conquista tus Finanzas - Espacio Con Valor","isPartOf":{"@id":"https:\/\/espacioconvalor.com\/site\/#website"},"datePublished":"2022-01-23T14:02:33+00:00","dateModified":"2022-02-01T16:55:14+00:00","inLanguage":"es","potentialAction":[{"@type":"ReadAction","target":["https:\/\/espacioconvalor.com\/site\/libro-conquista-tus-finanzas\/"]}]},{"@type":"WebSite","@id":"https:\/\/espacioconvalor.com\/site\/#website","url":"https:\/\/espacioconvalor.com\/site\/","name":"Espacio Con Valor","description":"Finanzas f\u00e1ciles para tu bienestar","potentialAction":[{"@type":"SearchAction","target":{"@type":"EntryPoint","urlTemplate":"https:\/\/espacioconvalor.com\/site\/?s={search_term_string}"},"query-input":{"@type":"PropertyValueSpecification","valueRequired":true,"valueName":"search_term_string"}}],"inLanguage":"es"}]}},"_links":{"self":[{"href":"https:\/\/espacioconvalor.com\/site\/wp-json\/wp\/v2\/pages\/626","targetHints":{"allow":["GET"]}}],"collection":[{"href":"https:\/\/espacioconvalor.com\/site\/wp-json\/wp\/v2\/pages"}],"about":[{"href":"https:\/\/espacioconvalor.com\/site\/wp-json\/wp\/v2\/types\/page"}],"author":[{"embeddable":true,"href":"https:\/\/espacioconvalor.com\/site\/wp-json\/wp\/v2\/users\/2"}],"replies":[{"embeddable":true,"href":"https:\/\/espacioconvalor.com\/site\/wp-json\/wp\/v2\/comments?post=626"}],"version-history":[{"count":42,"href":"https:\/\/espacioconvalor.com\/site\/wp-json\/wp\/v2\/pages\/626\/revisions"}],"predecessor-version":[{"id":686,"href":"https:\/\/espacioconvalor.com\/site\/wp-json\/wp\/v2\/pages\/626\/revisions\/686"}],"wp:attachment":[{"href":"https:\/\/espacioconvalor.com\/site\/wp-json\/wp\/v2\/media?parent=626"}],"curies":[{"name":"wp","href":"https:\/\/api.w.org\/{rel}","templated":true}]}}