{"id":557,"date":"2021-12-12T12:23:54","date_gmt":"2021-12-12T16:23:54","guid":{"rendered":"https:\/\/espacioconvalor.com\/site\/?page_id=557"},"modified":"2026-02-17T11:01:58","modified_gmt":"2026-02-17T15:01:58","slug":"aprende-a-invertir-jugando","status":"publish","type":"page","link":"https:\/\/espacioconvalor.com\/site\/aprende-a-invertir-jugando\/","title":{"rendered":"Aprende a invertir jugando"},"content":{"rendered":"<div class=\"wpb-content-wrapper\"><p>[vc_row][vc_column][vc_column_text]Din\u00e1mica en la que \u00a0a trav\u00e9s de un juego pondr\u00e1s en pr\u00e1ctica tus conocimientos en Finanzas Personales. Pasar\u00e1s distintas situaciones que<strong>\u00a0te ayudar\u00e1n a abrir la mente para trabajar y alcanzar la Liberta Financiera.<\/strong>[\/vc_column_text][vc_column_text]<\/p>\n<h1 class=\"mc-toc-title\"><strong>\u00bfQu\u00e9 aprender\u00e1s?\u00a0<\/strong><\/h1>\n<ul>\n<li>Una nueva visi\u00f3n de las inversiones.<\/li>\n<li>Diferencia entre las ganancias de capital y el flujo de ingresos.<\/li>\n<li>Manejar tus emociones a pesar de los cambios en el entorno.<\/li>\n<li>Control de tus ingresos y gastos y crear un fondo de emergencia.<\/li>\n<li>Diferenciar la deuda buena de la deuda mala. Cu\u00e1ndo y como apalancarte con el financiamiento.<\/li>\n<\/ul>\n<p>[\/vc_column_text][\/vc_column][\/vc_row][vc_row][vc_column][vc_cta h2=&#8221;&#8220;El activo m\u00e1s importante que tenemos es nuestra mente. Si est\u00e1 bien entrenada, puede crear grandes cantidades de riqueza en lo que parece un instante&#8220;. Robert Kiyosaki&#8221;][\/vc_cta][\/vc_column][\/vc_row]<\/p>\n<\/div>","protected":false},"excerpt":{"rendered":"<p>[vc_row][vc_column][vc_column_text]Din\u00e1mica en la que \u00a0a trav\u00e9s de un juego pondr\u00e1s en pr\u00e1ctica tus conocimientos en Finanzas Personales. Pasar\u00e1s distintas situaciones [&hellip;]<\/p>\n","protected":false},"author":2,"featured_media":0,"parent":0,"menu_order":0,"comment_status":"closed","ping_status":"closed","template":"","meta":{"footnotes":""},"class_list":["post-557","page","type-page","status-publish","hentry"],"yoast_head":"<!-- This site is optimized with the Yoast SEO plugin v26.9 - https:\/\/yoast.com\/product\/yoast-seo-wordpress\/ -->\n<title>Aprende a invertir jugando - Espacio Con Valor<\/title>\n<meta name=\"robots\" content=\"index, follow, max-snippet:-1, max-image-preview:large, max-video-preview:-1\" \/>\n<link rel=\"canonical\" href=\"https:\/\/espacioconvalor.com\/site\/aprende-a-invertir-jugando\/\" \/>\n<meta property=\"og:locale\" content=\"es_ES\" \/>\n<meta property=\"og:type\" content=\"article\" \/>\n<meta property=\"og:title\" content=\"Aprende a invertir jugando - Espacio Con Valor\" \/>\n<meta property=\"og:description\" content=\"[vc_row][vc_column][vc_column_text]Din\u00e1mica en la que \u00a0a trav\u00e9s de un juego pondr\u00e1s en pr\u00e1ctica tus conocimientos en Finanzas Personales. Pasar\u00e1s distintas situaciones [&hellip;]\" \/>\n<meta property=\"og:url\" content=\"https:\/\/espacioconvalor.com\/site\/aprende-a-invertir-jugando\/\" \/>\n<meta property=\"og:site_name\" content=\"Espacio Con Valor\" \/>\n<meta property=\"article:modified_time\" content=\"2026-02-17T15:01:58+00:00\" \/>\n<meta name=\"twitter:card\" content=\"summary_large_image\" \/>\n<meta name=\"twitter:label1\" content=\"Tiempo de lectura\" \/>\n\t<meta name=\"twitter:data1\" content=\"1 minuto\" \/>\n<script type=\"application\/ld+json\" class=\"yoast-schema-graph\">{\"@context\":\"https:\/\/schema.org\",\"@graph\":[{\"@type\":\"WebPage\",\"@id\":\"https:\/\/espacioconvalor.com\/site\/aprende-a-invertir-jugando\/\",\"url\":\"https:\/\/espacioconvalor.com\/site\/aprende-a-invertir-jugando\/\",\"name\":\"Aprende a invertir jugando - Espacio Con Valor\",\"isPartOf\":{\"@id\":\"https:\/\/espacioconvalor.com\/site\/#website\"},\"datePublished\":\"2021-12-12T16:23:54+00:00\",\"dateModified\":\"2026-02-17T15:01:58+00:00\",\"inLanguage\":\"es\",\"potentialAction\":[{\"@type\":\"ReadAction\",\"target\":[\"https:\/\/espacioconvalor.com\/site\/aprende-a-invertir-jugando\/\"]}]},{\"@type\":\"WebSite\",\"@id\":\"https:\/\/espacioconvalor.com\/site\/#website\",\"url\":\"https:\/\/espacioconvalor.com\/site\/\",\"name\":\"Espacio Con Valor\",\"description\":\"Finanzas f\u00e1ciles para tu bienestar\",\"potentialAction\":[{\"@type\":\"SearchAction\",\"target\":{\"@type\":\"EntryPoint\",\"urlTemplate\":\"https:\/\/espacioconvalor.com\/site\/?s={search_term_string}\"},\"query-input\":{\"@type\":\"PropertyValueSpecification\",\"valueRequired\":true,\"valueName\":\"search_term_string\"}}],\"inLanguage\":\"es\"}]}<\/script>\n<!-- \/ Yoast SEO plugin. -->","yoast_head_json":{"title":"Aprende a invertir jugando - Espacio Con Valor","robots":{"index":"index","follow":"follow","max-snippet":"max-snippet:-1","max-image-preview":"max-image-preview:large","max-video-preview":"max-video-preview:-1"},"canonical":"https:\/\/espacioconvalor.com\/site\/aprende-a-invertir-jugando\/","og_locale":"es_ES","og_type":"article","og_title":"Aprende a invertir jugando - Espacio Con Valor","og_description":"[vc_row][vc_column][vc_column_text]Din\u00e1mica en la que \u00a0a trav\u00e9s de un juego pondr\u00e1s en pr\u00e1ctica tus conocimientos en Finanzas Personales. Pasar\u00e1s distintas situaciones [&hellip;]","og_url":"https:\/\/espacioconvalor.com\/site\/aprende-a-invertir-jugando\/","og_site_name":"Espacio Con Valor","article_modified_time":"2026-02-17T15:01:58+00:00","twitter_card":"summary_large_image","twitter_misc":{"Tiempo de lectura":"1 minuto"},"schema":{"@context":"https:\/\/schema.org","@graph":[{"@type":"WebPage","@id":"https:\/\/espacioconvalor.com\/site\/aprende-a-invertir-jugando\/","url":"https:\/\/espacioconvalor.com\/site\/aprende-a-invertir-jugando\/","name":"Aprende a invertir jugando - Espacio Con Valor","isPartOf":{"@id":"https:\/\/espacioconvalor.com\/site\/#website"},"datePublished":"2021-12-12T16:23:54+00:00","dateModified":"2026-02-17T15:01:58+00:00","inLanguage":"es","potentialAction":[{"@type":"ReadAction","target":["https:\/\/espacioconvalor.com\/site\/aprende-a-invertir-jugando\/"]}]},{"@type":"WebSite","@id":"https:\/\/espacioconvalor.com\/site\/#website","url":"https:\/\/espacioconvalor.com\/site\/","name":"Espacio Con Valor","description":"Finanzas f\u00e1ciles para tu bienestar","potentialAction":[{"@type":"SearchAction","target":{"@type":"EntryPoint","urlTemplate":"https:\/\/espacioconvalor.com\/site\/?s={search_term_string}"},"query-input":{"@type":"PropertyValueSpecification","valueRequired":true,"valueName":"search_term_string"}}],"inLanguage":"es"}]}},"_links":{"self":[{"href":"https:\/\/espacioconvalor.com\/site\/wp-json\/wp\/v2\/pages\/557","targetHints":{"allow":["GET"]}}],"collection":[{"href":"https:\/\/espacioconvalor.com\/site\/wp-json\/wp\/v2\/pages"}],"about":[{"href":"https:\/\/espacioconvalor.com\/site\/wp-json\/wp\/v2\/types\/page"}],"author":[{"embeddable":true,"href":"https:\/\/espacioconvalor.com\/site\/wp-json\/wp\/v2\/users\/2"}],"replies":[{"embeddable":true,"href":"https:\/\/espacioconvalor.com\/site\/wp-json\/wp\/v2\/comments?post=557"}],"version-history":[{"count":4,"href":"https:\/\/espacioconvalor.com\/site\/wp-json\/wp\/v2\/pages\/557\/revisions"}],"predecessor-version":[{"id":1975,"href":"https:\/\/espacioconvalor.com\/site\/wp-json\/wp\/v2\/pages\/557\/revisions\/1975"}],"wp:attachment":[{"href":"https:\/\/espacioconvalor.com\/site\/wp-json\/wp\/v2\/media?parent=557"}],"curies":[{"name":"wp","href":"https:\/\/api.w.org\/{rel}","templated":true}]}}