{"id":160,"date":"2021-11-10T16:06:41","date_gmt":"2021-11-10T20:06:41","guid":{"rendered":"https:\/\/espacioconvalor.com\/site\/?page_id=160"},"modified":"2026-02-17T11:11:53","modified_gmt":"2026-02-17T15:11:53","slug":"finanzas-en-pareja","status":"publish","type":"page","link":"https:\/\/espacioconvalor.com\/site\/finanzas-en-pareja\/","title":{"rendered":"Finanzas en pareja"},"content":{"rendered":"<div class=\"wpb-content-wrapper\"><p>[vc_row][vc_column][vc_column_text]La relaci\u00f3n amor y dinero puede ser desafiante, nuestras creencias y h\u00e1bitos individuales determinan nuestro comportamiento financiero y muchas veces \u00e9ste no est\u00e1 alineado con el de nuestra pareja.[\/vc_column_text][\/vc_column][\/vc_row][vc_row][vc_column][vc_cta h2=&#8221;El dinero puede ser fuente de conflictos o una poderosa herramienta para lograr la vida que deseas. \u2661 \u2661 \u2661&#8221;][\/vc_cta][\/vc_column][\/vc_row][vc_row][vc_column][vc_column_text]<\/p>\n<h3 class=\"null\">En esta charla, conversaremos sobre:<\/h3>\n<ul>\n<li>C\u00f3mo identificar tu patr\u00f3n del dinero y el de tu pareja: h\u00e1bitos, emociones y paradigmas.<\/li>\n<li>Gu\u00eda para establecer\u00a0metas comunes<\/li>\n<li>C\u00f3mo presupuestar en pareja<\/li>\n<li>Buenas pr\u00e1cticas de las parejas financieramente exitosas.<\/li>\n<\/ul>\n<p>[\/vc_column_text][\/vc_column][\/vc_row]<\/p>\n<\/div>","protected":false},"excerpt":{"rendered":"<p>[vc_row][vc_column][vc_column_text]La relaci\u00f3n amor y dinero puede ser desafiante, nuestras creencias y h\u00e1bitos individuales determinan nuestro comportamiento financiero y muchas veces [&hellip;]<\/p>\n","protected":false},"author":2,"featured_media":0,"parent":0,"menu_order":0,"comment_status":"closed","ping_status":"closed","template":"","meta":{"footnotes":""},"class_list":["post-160","page","type-page","status-publish","hentry"],"yoast_head":"<!-- This site is optimized with the Yoast SEO plugin v26.9 - https:\/\/yoast.com\/product\/yoast-seo-wordpress\/ -->\n<title>Finanzas en pareja - Espacio Con Valor<\/title>\n<meta name=\"robots\" content=\"index, follow, max-snippet:-1, max-image-preview:large, max-video-preview:-1\" \/>\n<link rel=\"canonical\" href=\"https:\/\/espacioconvalor.com\/site\/finanzas-en-pareja\/\" \/>\n<meta property=\"og:locale\" content=\"es_ES\" \/>\n<meta property=\"og:type\" content=\"article\" \/>\n<meta property=\"og:title\" content=\"Finanzas en pareja - Espacio Con Valor\" \/>\n<meta property=\"og:description\" content=\"[vc_row][vc_column][vc_column_text]La relaci\u00f3n amor y dinero puede ser desafiante, nuestras creencias y h\u00e1bitos individuales determinan nuestro comportamiento financiero y muchas veces [&hellip;]\" \/>\n<meta property=\"og:url\" content=\"https:\/\/espacioconvalor.com\/site\/finanzas-en-pareja\/\" \/>\n<meta property=\"og:site_name\" content=\"Espacio Con Valor\" \/>\n<meta property=\"article:modified_time\" content=\"2026-02-17T15:11:53+00:00\" \/>\n<meta name=\"twitter:card\" content=\"summary_large_image\" \/>\n<meta name=\"twitter:label1\" content=\"Tiempo de lectura\" \/>\n\t<meta name=\"twitter:data1\" content=\"1 minuto\" \/>\n<script type=\"application\/ld+json\" class=\"yoast-schema-graph\">{\"@context\":\"https:\/\/schema.org\",\"@graph\":[{\"@type\":\"WebPage\",\"@id\":\"https:\/\/espacioconvalor.com\/site\/finanzas-en-pareja\/\",\"url\":\"https:\/\/espacioconvalor.com\/site\/finanzas-en-pareja\/\",\"name\":\"Finanzas en pareja - Espacio Con Valor\",\"isPartOf\":{\"@id\":\"https:\/\/espacioconvalor.com\/site\/#website\"},\"datePublished\":\"2021-11-10T20:06:41+00:00\",\"dateModified\":\"2026-02-17T15:11:53+00:00\",\"inLanguage\":\"es\",\"potentialAction\":[{\"@type\":\"ReadAction\",\"target\":[\"https:\/\/espacioconvalor.com\/site\/finanzas-en-pareja\/\"]}]},{\"@type\":\"WebSite\",\"@id\":\"https:\/\/espacioconvalor.com\/site\/#website\",\"url\":\"https:\/\/espacioconvalor.com\/site\/\",\"name\":\"Espacio Con Valor\",\"description\":\"Finanzas f\u00e1ciles para tu bienestar\",\"potentialAction\":[{\"@type\":\"SearchAction\",\"target\":{\"@type\":\"EntryPoint\",\"urlTemplate\":\"https:\/\/espacioconvalor.com\/site\/?s={search_term_string}\"},\"query-input\":{\"@type\":\"PropertyValueSpecification\",\"valueRequired\":true,\"valueName\":\"search_term_string\"}}],\"inLanguage\":\"es\"}]}<\/script>\n<!-- \/ Yoast SEO plugin. -->","yoast_head_json":{"title":"Finanzas en pareja - Espacio Con Valor","robots":{"index":"index","follow":"follow","max-snippet":"max-snippet:-1","max-image-preview":"max-image-preview:large","max-video-preview":"max-video-preview:-1"},"canonical":"https:\/\/espacioconvalor.com\/site\/finanzas-en-pareja\/","og_locale":"es_ES","og_type":"article","og_title":"Finanzas en pareja - Espacio Con Valor","og_description":"[vc_row][vc_column][vc_column_text]La relaci\u00f3n amor y dinero puede ser desafiante, nuestras creencias y h\u00e1bitos individuales determinan nuestro comportamiento financiero y muchas veces [&hellip;]","og_url":"https:\/\/espacioconvalor.com\/site\/finanzas-en-pareja\/","og_site_name":"Espacio Con Valor","article_modified_time":"2026-02-17T15:11:53+00:00","twitter_card":"summary_large_image","twitter_misc":{"Tiempo de lectura":"1 minuto"},"schema":{"@context":"https:\/\/schema.org","@graph":[{"@type":"WebPage","@id":"https:\/\/espacioconvalor.com\/site\/finanzas-en-pareja\/","url":"https:\/\/espacioconvalor.com\/site\/finanzas-en-pareja\/","name":"Finanzas en pareja - Espacio Con Valor","isPartOf":{"@id":"https:\/\/espacioconvalor.com\/site\/#website"},"datePublished":"2021-11-10T20:06:41+00:00","dateModified":"2026-02-17T15:11:53+00:00","inLanguage":"es","potentialAction":[{"@type":"ReadAction","target":["https:\/\/espacioconvalor.com\/site\/finanzas-en-pareja\/"]}]},{"@type":"WebSite","@id":"https:\/\/espacioconvalor.com\/site\/#website","url":"https:\/\/espacioconvalor.com\/site\/","name":"Espacio Con Valor","description":"Finanzas f\u00e1ciles para tu bienestar","potentialAction":[{"@type":"SearchAction","target":{"@type":"EntryPoint","urlTemplate":"https:\/\/espacioconvalor.com\/site\/?s={search_term_string}"},"query-input":{"@type":"PropertyValueSpecification","valueRequired":true,"valueName":"search_term_string"}}],"inLanguage":"es"}]}},"_links":{"self":[{"href":"https:\/\/espacioconvalor.com\/site\/wp-json\/wp\/v2\/pages\/160","targetHints":{"allow":["GET"]}}],"collection":[{"href":"https:\/\/espacioconvalor.com\/site\/wp-json\/wp\/v2\/pages"}],"about":[{"href":"https:\/\/espacioconvalor.com\/site\/wp-json\/wp\/v2\/types\/page"}],"author":[{"embeddable":true,"href":"https:\/\/espacioconvalor.com\/site\/wp-json\/wp\/v2\/users\/2"}],"replies":[{"embeddable":true,"href":"https:\/\/espacioconvalor.com\/site\/wp-json\/wp\/v2\/comments?post=160"}],"version-history":[{"count":5,"href":"https:\/\/espacioconvalor.com\/site\/wp-json\/wp\/v2\/pages\/160\/revisions"}],"predecessor-version":[{"id":1980,"href":"https:\/\/espacioconvalor.com\/site\/wp-json\/wp\/v2\/pages\/160\/revisions\/1980"}],"wp:attachment":[{"href":"https:\/\/espacioconvalor.com\/site\/wp-json\/wp\/v2\/media?parent=160"}],"curies":[{"name":"wp","href":"https:\/\/api.w.org\/{rel}","templated":true}]}}