{"id":139,"date":"2021-11-10T14:49:43","date_gmt":"2021-11-10T18:49:43","guid":{"rendered":"https:\/\/espacioconvalor.com\/site\/?page_id=139"},"modified":"2021-11-11T08:28:49","modified_gmt":"2021-11-11T12:28:49","slug":"facilitadores","status":"publish","type":"page","link":"https:\/\/espacioconvalor.com\/site\/quienes-somos\/facilitadores\/","title":{"rendered":"Facilitadores"},"content":{"rendered":"<div class=\"wpb-content-wrapper\"><p>[vc_row][vc_column][vc_column_text]<\/p>\n<h2 style=\"margin-bottom: 0px !important;\">Paula Vargas<\/h2>\n<h3>Economista. MBA<\/h3>\n<p><img loading=\"lazy\" decoding=\"async\" class=\"alignleft wp-image-141 size-full\" style=\"padding-right: 24px;\" src=\"https:\/\/espacioconvalor.com\/site\/wp-content\/uploads\/2021\/11\/PMVP-300x300-1.jpeg\" alt=\"\" width=\"300\" height=\"300\" srcset=\"https:\/\/espacioconvalor.com\/site\/wp-content\/uploads\/2021\/11\/PMVP-300x300-1.jpeg 300w, https:\/\/espacioconvalor.com\/site\/wp-content\/uploads\/2021\/11\/PMVP-300x300-1-100x100.jpeg 100w, https:\/\/espacioconvalor.com\/site\/wp-content\/uploads\/2021\/11\/PMVP-300x300-1-150x150.jpeg 150w\" sizes=\"auto, (max-width: 300px) 100vw, 300px\" \/>Especialista en el \u00e1rea de asesor\u00eda de inversiones inmobiliarias y apasionada de las finanzas personales. Para m\u00ed la econom\u00eda va mucho m\u00e1s de las finanzas: define al mundo porque explica qu\u00e9 mueve a los seres humanos.<\/p>\n<p>Soy egresada de la Universidad Central de Venezuela. Magister en Administraci\u00f3n de Empresas del Instituto de Estudios Superiores de Administraci\u00f3n (IESA). 9 a\u00f1os de experiencia en el sector bancario local, dise\u00f1ando y mercadeando productos y servicios financieros. Actualmente me dedico al \u00e1rea de asesor\u00eda inmobiliaria, espec\u00edficamente para inversionistas extranjeros y a dictar talleres de finanzas personales.<\/p>\n<p>Soy fiel creyente que el control de las finanzas personales les devuelve el poder a los individuos, est\u00e1 por encima de las circunstancias pol\u00edticas y econ\u00f3micas de un pa\u00eds, permiti\u00e9ndoles prosperar y alcanzar sus metas.<\/p>\n<p><strong>Contacto<\/strong>: <a href=\"mailto:paula@espacioconvalor.com\">paula@espacioconvalor.com<\/a><\/p>\n<p><a class=\"twitter-follow-button\" href=\"https:\/\/twitter.com\/paulapmvp\" data-show-count=\"false\">Follow @paulapmvp<\/a>\u00a0 \u00a0<script>!function(d,s,id){var js,fjs=d.getElementsByTagName(s)[0],p=\/^http:\/.test(d.location)?'http':'https';if(!d.getElementById(id)){js=d.createElement(s);js.id=id;js.src=p+':\/\/platform.twitter.com\/widgets.js';fjs.parentNode.insertBefore(js,fjs);}}(document, 'script', 'twitter-wjs');<\/script>\u00a0\u00a0<script src=\"\/\/platform.linkedin.com\/in.js\" type=\"text\/javascript\"><\/script>\u00a0\u00a0<script type=\"IN\/MemberProfile\" data-id=\"https:\/\/www.linkedin.com\/in\/paulavargas\" data-format=\"hover\" data-related=\"false\" data-text=\"Paula Vargas\"><\/script>[\/vc_column_text][vc_separator css=&#8221;.vc_custom_1636570694763{padding-top: 40px !important;padding-bottom: 40px !important;}&#8221;][vc_column_text]<\/p>\n<h2 style=\"margin-bottom: 0px !important;\">Rafael Ernesto \u00c1lvarez R\u00edsquez<\/h2>\n<h3>Administrador. MBA<\/h3>\n<p><img loading=\"lazy\" decoding=\"async\" class=\"wp-image-140 size-full alignleft\" style=\"padding-right: 24px;\" src=\"https:\/\/espacioconvalor.com\/site\/wp-content\/uploads\/2021\/11\/REAR-300x300-1.jpeg\" alt=\"\" width=\"300\" height=\"300\" srcset=\"https:\/\/espacioconvalor.com\/site\/wp-content\/uploads\/2021\/11\/REAR-300x300-1.jpeg 300w, https:\/\/espacioconvalor.com\/site\/wp-content\/uploads\/2021\/11\/REAR-300x300-1-100x100.jpeg 100w, https:\/\/espacioconvalor.com\/site\/wp-content\/uploads\/2021\/11\/REAR-300x300-1-150x150.jpeg 150w\" sizes=\"auto, (max-width: 300px) 100vw, 300px\" \/><\/p>\n<p>Me he dedicado desde el a\u00f1o 2010 a concientizar y educar a las personas para que entren en acci\u00f3n y resuelvan situaciones que se presentar\u00e1n en sus finanzas y que podr\u00edan perjudicar su calidad de vida y la de su familia.<\/p>\n<p>Soy Egresado de la Universidad Metropolitana de Venezuela y soy tambi\u00e9n Magister en Administraci\u00f3n de Empresas del Instituto de Estudios Superiores de Administraci\u00f3n IESA.<\/p>\n<p><em>Estoy convencido de que con la gu\u00eda y las herramientas adecuadas las personas pueden alcanzar sus metas. S\u00f3lo necesitan un poco de orientaci\u00f3n para hacerlo. Ese es nuestro prop\u00f3sito.<\/em><\/p>\n<p><strong>Contacto<\/strong>: <a href=\"mailto:rafael@espacioconvalor.com\">rafael@espacioconvalor.com<\/a><\/p>\n<p><a class=\"twitter-follow-button\" href=\"https:\/\/twitter.com\/rafaelalvarezr\" data-show-count=\"false\">Follow @rafaelalvarezr<\/a>\u00a0 \u00a0<script>!function(d,s,id){var js,fjs=d.getElementsByTagName(s)[0],p=\/^http:\/.test(d.location)?'http':'https';if(!d.getElementById(id)){js=d.createElement(s);js.id=id;js.src=p+':\/\/platform.twitter.com\/widgets.js';fjs.parentNode.insertBefore(js,fjs);}}(document, 'script', 'twitter-wjs');<\/script>\u00a0\u00a0<script src=\"\/\/platform.linkedin.com\/in.js\" type=\"text\/javascript\"><\/script>\u00a0\u00a0<script type=\"IN\/MemberProfile\" data-id=\"https:\/\/www.linkedin.com\/in\/rafael-ernesto-alvarez-risquez-3ab2bb95\" data-format=\"hover\" data-related=\"false\" data-text=\"Rafael Ernesto Alvarez Risquez\"><\/script>[\/vc_column_text][\/vc_column][\/vc_row]<\/p>\n<\/div>","protected":false},"excerpt":{"rendered":"<p>[vc_row][vc_column][vc_column_text] Paula Vargas Economista. MBA Especialista en el \u00e1rea de asesor\u00eda de inversiones inmobiliarias y apasionada de las finanzas personales. [&hellip;]<\/p>\n","protected":false},"author":2,"featured_media":0,"parent":131,"menu_order":0,"comment_status":"closed","ping_status":"closed","template":"","meta":{"footnotes":""},"class_list":["post-139","page","type-page","status-publish","hentry"],"yoast_head":"<!-- This site is optimized with the Yoast SEO plugin v26.9 - https:\/\/yoast.com\/product\/yoast-seo-wordpress\/ -->\n<title>Facilitadores - Espacio Con Valor<\/title>\n<meta name=\"robots\" content=\"index, follow, max-snippet:-1, max-image-preview:large, max-video-preview:-1\" \/>\n<link rel=\"canonical\" href=\"https:\/\/espacioconvalor.com\/site\/quienes-somos\/facilitadores\/\" \/>\n<meta property=\"og:locale\" content=\"es_ES\" \/>\n<meta property=\"og:type\" content=\"article\" \/>\n<meta property=\"og:title\" content=\"Facilitadores - Espacio Con Valor\" \/>\n<meta property=\"og:description\" content=\"[vc_row][vc_column][vc_column_text] Paula Vargas Economista. MBA Especialista en el \u00e1rea de asesor\u00eda de inversiones inmobiliarias y apasionada de las finanzas personales. [&hellip;]\" \/>\n<meta property=\"og:url\" content=\"https:\/\/espacioconvalor.com\/site\/quienes-somos\/facilitadores\/\" \/>\n<meta property=\"og:site_name\" content=\"Espacio Con Valor\" \/>\n<meta property=\"article:modified_time\" content=\"2021-11-11T12:28:49+00:00\" \/>\n<meta property=\"og:image\" content=\"https:\/\/espacioconvalor.com\/site\/wp-content\/uploads\/2021\/11\/PMVP-300x300-1.jpeg\" \/>\n<meta name=\"twitter:card\" content=\"summary_large_image\" \/>\n<meta name=\"twitter:label1\" content=\"Tiempo de lectura\" \/>\n\t<meta name=\"twitter:data1\" content=\"2 minutos\" \/>\n<script type=\"application\/ld+json\" class=\"yoast-schema-graph\">{\"@context\":\"https:\/\/schema.org\",\"@graph\":[{\"@type\":\"WebPage\",\"@id\":\"https:\/\/espacioconvalor.com\/site\/quienes-somos\/facilitadores\/\",\"url\":\"https:\/\/espacioconvalor.com\/site\/quienes-somos\/facilitadores\/\",\"name\":\"Facilitadores - Espacio Con Valor\",\"isPartOf\":{\"@id\":\"https:\/\/espacioconvalor.com\/site\/#website\"},\"primaryImageOfPage\":{\"@id\":\"https:\/\/espacioconvalor.com\/site\/quienes-somos\/facilitadores\/#primaryimage\"},\"image\":{\"@id\":\"https:\/\/espacioconvalor.com\/site\/quienes-somos\/facilitadores\/#primaryimage\"},\"thumbnailUrl\":\"https:\/\/espacioconvalor.com\/site\/wp-content\/uploads\/2021\/11\/PMVP-300x300-1.jpeg\",\"datePublished\":\"2021-11-10T18:49:43+00:00\",\"dateModified\":\"2021-11-11T12:28:49+00:00\",\"breadcrumb\":{\"@id\":\"https:\/\/espacioconvalor.com\/site\/quienes-somos\/facilitadores\/#breadcrumb\"},\"inLanguage\":\"es\",\"potentialAction\":[{\"@type\":\"ReadAction\",\"target\":[\"https:\/\/espacioconvalor.com\/site\/quienes-somos\/facilitadores\/\"]}]},{\"@type\":\"ImageObject\",\"inLanguage\":\"es\",\"@id\":\"https:\/\/espacioconvalor.com\/site\/quienes-somos\/facilitadores\/#primaryimage\",\"url\":\"https:\/\/espacioconvalor.com\/site\/wp-content\/uploads\/2021\/11\/PMVP-300x300-1.jpeg\",\"contentUrl\":\"https:\/\/espacioconvalor.com\/site\/wp-content\/uploads\/2021\/11\/PMVP-300x300-1.jpeg\",\"width\":300,\"height\":300},{\"@type\":\"BreadcrumbList\",\"@id\":\"https:\/\/espacioconvalor.com\/site\/quienes-somos\/facilitadores\/#breadcrumb\",\"itemListElement\":[{\"@type\":\"ListItem\",\"position\":1,\"name\":\"Qui\u00e9nes Somos\",\"item\":\"https:\/\/espacioconvalor.com\/site\/quienes-somos\/\"},{\"@type\":\"ListItem\",\"position\":2,\"name\":\"Facilitadores\"}]},{\"@type\":\"WebSite\",\"@id\":\"https:\/\/espacioconvalor.com\/site\/#website\",\"url\":\"https:\/\/espacioconvalor.com\/site\/\",\"name\":\"Espacio Con Valor\",\"description\":\"Finanzas f\u00e1ciles para tu bienestar\",\"potentialAction\":[{\"@type\":\"SearchAction\",\"target\":{\"@type\":\"EntryPoint\",\"urlTemplate\":\"https:\/\/espacioconvalor.com\/site\/?s={search_term_string}\"},\"query-input\":{\"@type\":\"PropertyValueSpecification\",\"valueRequired\":true,\"valueName\":\"search_term_string\"}}],\"inLanguage\":\"es\"}]}<\/script>\n<!-- \/ Yoast SEO plugin. -->","yoast_head_json":{"title":"Facilitadores - Espacio Con Valor","robots":{"index":"index","follow":"follow","max-snippet":"max-snippet:-1","max-image-preview":"max-image-preview:large","max-video-preview":"max-video-preview:-1"},"canonical":"https:\/\/espacioconvalor.com\/site\/quienes-somos\/facilitadores\/","og_locale":"es_ES","og_type":"article","og_title":"Facilitadores - Espacio Con Valor","og_description":"[vc_row][vc_column][vc_column_text] Paula Vargas Economista. MBA Especialista en el \u00e1rea de asesor\u00eda de inversiones inmobiliarias y apasionada de las finanzas personales. [&hellip;]","og_url":"https:\/\/espacioconvalor.com\/site\/quienes-somos\/facilitadores\/","og_site_name":"Espacio Con Valor","article_modified_time":"2021-11-11T12:28:49+00:00","og_image":[{"url":"https:\/\/espacioconvalor.com\/site\/wp-content\/uploads\/2021\/11\/PMVP-300x300-1.jpeg","type":"","width":"","height":""}],"twitter_card":"summary_large_image","twitter_misc":{"Tiempo de lectura":"2 minutos"},"schema":{"@context":"https:\/\/schema.org","@graph":[{"@type":"WebPage","@id":"https:\/\/espacioconvalor.com\/site\/quienes-somos\/facilitadores\/","url":"https:\/\/espacioconvalor.com\/site\/quienes-somos\/facilitadores\/","name":"Facilitadores - Espacio Con Valor","isPartOf":{"@id":"https:\/\/espacioconvalor.com\/site\/#website"},"primaryImageOfPage":{"@id":"https:\/\/espacioconvalor.com\/site\/quienes-somos\/facilitadores\/#primaryimage"},"image":{"@id":"https:\/\/espacioconvalor.com\/site\/quienes-somos\/facilitadores\/#primaryimage"},"thumbnailUrl":"https:\/\/espacioconvalor.com\/site\/wp-content\/uploads\/2021\/11\/PMVP-300x300-1.jpeg","datePublished":"2021-11-10T18:49:43+00:00","dateModified":"2021-11-11T12:28:49+00:00","breadcrumb":{"@id":"https:\/\/espacioconvalor.com\/site\/quienes-somos\/facilitadores\/#breadcrumb"},"inLanguage":"es","potentialAction":[{"@type":"ReadAction","target":["https:\/\/espacioconvalor.com\/site\/quienes-somos\/facilitadores\/"]}]},{"@type":"ImageObject","inLanguage":"es","@id":"https:\/\/espacioconvalor.com\/site\/quienes-somos\/facilitadores\/#primaryimage","url":"https:\/\/espacioconvalor.com\/site\/wp-content\/uploads\/2021\/11\/PMVP-300x300-1.jpeg","contentUrl":"https:\/\/espacioconvalor.com\/site\/wp-content\/uploads\/2021\/11\/PMVP-300x300-1.jpeg","width":300,"height":300},{"@type":"BreadcrumbList","@id":"https:\/\/espacioconvalor.com\/site\/quienes-somos\/facilitadores\/#breadcrumb","itemListElement":[{"@type":"ListItem","position":1,"name":"Qui\u00e9nes Somos","item":"https:\/\/espacioconvalor.com\/site\/quienes-somos\/"},{"@type":"ListItem","position":2,"name":"Facilitadores"}]},{"@type":"WebSite","@id":"https:\/\/espacioconvalor.com\/site\/#website","url":"https:\/\/espacioconvalor.com\/site\/","name":"Espacio Con Valor","description":"Finanzas f\u00e1ciles para tu bienestar","potentialAction":[{"@type":"SearchAction","target":{"@type":"EntryPoint","urlTemplate":"https:\/\/espacioconvalor.com\/site\/?s={search_term_string}"},"query-input":{"@type":"PropertyValueSpecification","valueRequired":true,"valueName":"search_term_string"}}],"inLanguage":"es"}]}},"_links":{"self":[{"href":"https:\/\/espacioconvalor.com\/site\/wp-json\/wp\/v2\/pages\/139","targetHints":{"allow":["GET"]}}],"collection":[{"href":"https:\/\/espacioconvalor.com\/site\/wp-json\/wp\/v2\/pages"}],"about":[{"href":"https:\/\/espacioconvalor.com\/site\/wp-json\/wp\/v2\/types\/page"}],"author":[{"embeddable":true,"href":"https:\/\/espacioconvalor.com\/site\/wp-json\/wp\/v2\/users\/2"}],"replies":[{"embeddable":true,"href":"https:\/\/espacioconvalor.com\/site\/wp-json\/wp\/v2\/comments?post=139"}],"version-history":[{"count":9,"href":"https:\/\/espacioconvalor.com\/site\/wp-json\/wp\/v2\/pages\/139\/revisions"}],"predecessor-version":[{"id":152,"href":"https:\/\/espacioconvalor.com\/site\/wp-json\/wp\/v2\/pages\/139\/revisions\/152"}],"up":[{"embeddable":true,"href":"https:\/\/espacioconvalor.com\/site\/wp-json\/wp\/v2\/pages\/131"}],"wp:attachment":[{"href":"https:\/\/espacioconvalor.com\/site\/wp-json\/wp\/v2\/media?parent=139"}],"curies":[{"name":"wp","href":"https:\/\/api.w.org\/{rel}","templated":true}]}}