{"id":131,"date":"2021-11-10T08:37:47","date_gmt":"2021-11-10T12:37:47","guid":{"rendered":"https:\/\/espacioconvalor.com\/site\/?page_id=131"},"modified":"2022-04-19T16:19:26","modified_gmt":"2022-04-19T20:19:26","slug":"quienes-somos","status":"publish","type":"page","link":"https:\/\/espacioconvalor.com\/site\/quienes-somos\/","title":{"rendered":"Qui\u00e9nes Somos"},"content":{"rendered":"<div class=\"wpb-content-wrapper\"><p>[vc_row][vc_column width=&#8221;1\/2&#8243;][vc_column_text]Somos Paula y Rafael, una economista y un administrador que se conocieron mientras cursaban una Maestr\u00eda en negocios (MBA) en el a\u00f1o 2007. Espacio con Valor nace como un blog donde escrib\u00edamos espor\u00e1dicamente textos para clientes y conocidos. De ah\u00ed surge la necesidad de aportar m\u00e1s valor, a trav\u00e9s de otras actividades. Creemos firmemente en la formaci\u00f3n como el veh\u00edculo m\u00e1s potente para lograr tus metas.<\/p>\n<p>Nuestro prop\u00f3sito es contribuir con el bienestar de los individuos, desde las finanzas personales.[\/vc_column_text][\/vc_column][vc_column width=&#8221;1\/2&#8243;][vc_single_image image=&#8221;467&#8243; img_size=&#8221;medium&#8221; onclick=&#8221;zoom&#8221;][\/vc_column][\/vc_row][vc_row][vc_column][vc_empty_space height=&#8221;100px&#8221;][\/vc_column][\/vc_row][vc_row][vc_column][vc_text_separator title=&#8221;PAULA VARGAS&#8221;][\/vc_column][\/vc_row][vc_row][vc_column][vc_column_text]<i><span style=\"font-weight: 400;\">\u201cSoy fiel creyente que el control de las finanzas personales les devuelve el poder a los individuos, est\u00e1 por encima de las circunstancias pol\u00edticas y econ\u00f3micas de un pa\u00eds, permiti\u00e9ndoles prosperar y alcanzar sus metas.\u201d. <\/span><\/i><\/p>\n<p><a href=\"https:\/\/www.linkedin.com\/in\/paulavargas\/\">Ver en LinkedIN<\/a>[\/vc_column_text][\/vc_column][\/vc_row][vc_row][vc_column][vc_text_separator title=&#8221;RAFAEL ALVAREZ&#8221;][\/vc_column][\/vc_row][vc_row][vc_column][vc_column_text]<i><span style=\"font-weight: 400;\">\u201cEstoy convencido de que con la gu\u00eda y las herramientas adecuadas las personas pueden alcanzar sus metas. S\u00f3lo necesitan un poco de orientaci\u00f3n para hacerlo. Ese es nuestro prop\u00f3sito\u201d.\u00a0<\/span><\/i><\/p>\n<p><a href=\"https:\/\/www.linkedin.com\/in\/rafael-ernesto-alvarez-risquez-3ab2bb95\/\">Ver en LinkedIN<\/a>[\/vc_column_text][\/vc_column][\/vc_row]<\/p>\n<\/div>","protected":false},"excerpt":{"rendered":"<p>[vc_row][vc_column width=&#8221;1\/2&#8243;][vc_column_text]Somos Paula y Rafael, una economista y un administrador que se conocieron mientras cursaban una Maestr\u00eda en negocios (MBA) [&hellip;]<\/p>\n","protected":false},"author":2,"featured_media":0,"parent":0,"menu_order":0,"comment_status":"closed","ping_status":"closed","template":"","meta":{"footnotes":""},"class_list":["post-131","page","type-page","status-publish","hentry"],"yoast_head":"<!-- This site is optimized with the Yoast SEO plugin v26.9 - https:\/\/yoast.com\/product\/yoast-seo-wordpress\/ -->\n<title>Qui\u00e9nes Somos - Espacio Con Valor<\/title>\n<meta name=\"robots\" content=\"index, follow, max-snippet:-1, max-image-preview:large, max-video-preview:-1\" \/>\n<link rel=\"canonical\" href=\"https:\/\/espacioconvalor.com\/site\/quienes-somos\/\" \/>\n<meta property=\"og:locale\" content=\"es_ES\" \/>\n<meta property=\"og:type\" content=\"article\" \/>\n<meta property=\"og:title\" content=\"Qui\u00e9nes Somos - Espacio Con Valor\" \/>\n<meta property=\"og:description\" content=\"[vc_row][vc_column width=&#8221;1\/2&#8243;][vc_column_text]Somos Paula y Rafael, una economista y un administrador que se conocieron mientras cursaban una Maestr\u00eda en negocios (MBA) [&hellip;]\" \/>\n<meta property=\"og:url\" content=\"https:\/\/espacioconvalor.com\/site\/quienes-somos\/\" \/>\n<meta property=\"og:site_name\" content=\"Espacio Con Valor\" \/>\n<meta property=\"article:modified_time\" content=\"2022-04-19T20:19:26+00:00\" \/>\n<meta name=\"twitter:card\" content=\"summary_large_image\" \/>\n<meta name=\"twitter:label1\" content=\"Tiempo de lectura\" \/>\n\t<meta name=\"twitter:data1\" content=\"1 minuto\" \/>\n<script type=\"application\/ld+json\" class=\"yoast-schema-graph\">{\"@context\":\"https:\/\/schema.org\",\"@graph\":[{\"@type\":\"WebPage\",\"@id\":\"https:\/\/espacioconvalor.com\/site\/quienes-somos\/\",\"url\":\"https:\/\/espacioconvalor.com\/site\/quienes-somos\/\",\"name\":\"Qui\u00e9nes Somos - Espacio Con Valor\",\"isPartOf\":{\"@id\":\"https:\/\/espacioconvalor.com\/site\/#website\"},\"datePublished\":\"2021-11-10T12:37:47+00:00\",\"dateModified\":\"2022-04-19T20:19:26+00:00\",\"inLanguage\":\"es\",\"potentialAction\":[{\"@type\":\"ReadAction\",\"target\":[\"https:\/\/espacioconvalor.com\/site\/quienes-somos\/\"]}]},{\"@type\":\"WebSite\",\"@id\":\"https:\/\/espacioconvalor.com\/site\/#website\",\"url\":\"https:\/\/espacioconvalor.com\/site\/\",\"name\":\"Espacio Con Valor\",\"description\":\"Finanzas f\u00e1ciles para tu bienestar\",\"potentialAction\":[{\"@type\":\"SearchAction\",\"target\":{\"@type\":\"EntryPoint\",\"urlTemplate\":\"https:\/\/espacioconvalor.com\/site\/?s={search_term_string}\"},\"query-input\":{\"@type\":\"PropertyValueSpecification\",\"valueRequired\":true,\"valueName\":\"search_term_string\"}}],\"inLanguage\":\"es\"}]}<\/script>\n<!-- \/ Yoast SEO plugin. -->","yoast_head_json":{"title":"Qui\u00e9nes Somos - Espacio Con Valor","robots":{"index":"index","follow":"follow","max-snippet":"max-snippet:-1","max-image-preview":"max-image-preview:large","max-video-preview":"max-video-preview:-1"},"canonical":"https:\/\/espacioconvalor.com\/site\/quienes-somos\/","og_locale":"es_ES","og_type":"article","og_title":"Qui\u00e9nes Somos - Espacio Con Valor","og_description":"[vc_row][vc_column width=&#8221;1\/2&#8243;][vc_column_text]Somos Paula y Rafael, una economista y un administrador que se conocieron mientras cursaban una Maestr\u00eda en negocios (MBA) [&hellip;]","og_url":"https:\/\/espacioconvalor.com\/site\/quienes-somos\/","og_site_name":"Espacio Con Valor","article_modified_time":"2022-04-19T20:19:26+00:00","twitter_card":"summary_large_image","twitter_misc":{"Tiempo de lectura":"1 minuto"},"schema":{"@context":"https:\/\/schema.org","@graph":[{"@type":"WebPage","@id":"https:\/\/espacioconvalor.com\/site\/quienes-somos\/","url":"https:\/\/espacioconvalor.com\/site\/quienes-somos\/","name":"Qui\u00e9nes Somos - Espacio Con Valor","isPartOf":{"@id":"https:\/\/espacioconvalor.com\/site\/#website"},"datePublished":"2021-11-10T12:37:47+00:00","dateModified":"2022-04-19T20:19:26+00:00","inLanguage":"es","potentialAction":[{"@type":"ReadAction","target":["https:\/\/espacioconvalor.com\/site\/quienes-somos\/"]}]},{"@type":"WebSite","@id":"https:\/\/espacioconvalor.com\/site\/#website","url":"https:\/\/espacioconvalor.com\/site\/","name":"Espacio Con Valor","description":"Finanzas f\u00e1ciles para tu bienestar","potentialAction":[{"@type":"SearchAction","target":{"@type":"EntryPoint","urlTemplate":"https:\/\/espacioconvalor.com\/site\/?s={search_term_string}"},"query-input":{"@type":"PropertyValueSpecification","valueRequired":true,"valueName":"search_term_string"}}],"inLanguage":"es"}]}},"_links":{"self":[{"href":"https:\/\/espacioconvalor.com\/site\/wp-json\/wp\/v2\/pages\/131","targetHints":{"allow":["GET"]}}],"collection":[{"href":"https:\/\/espacioconvalor.com\/site\/wp-json\/wp\/v2\/pages"}],"about":[{"href":"https:\/\/espacioconvalor.com\/site\/wp-json\/wp\/v2\/types\/page"}],"author":[{"embeddable":true,"href":"https:\/\/espacioconvalor.com\/site\/wp-json\/wp\/v2\/users\/2"}],"replies":[{"embeddable":true,"href":"https:\/\/espacioconvalor.com\/site\/wp-json\/wp\/v2\/comments?post=131"}],"version-history":[{"count":8,"href":"https:\/\/espacioconvalor.com\/site\/wp-json\/wp\/v2\/pages\/131\/revisions"}],"predecessor-version":[{"id":737,"href":"https:\/\/espacioconvalor.com\/site\/wp-json\/wp\/v2\/pages\/131\/revisions\/737"}],"wp:attachment":[{"href":"https:\/\/espacioconvalor.com\/site\/wp-json\/wp\/v2\/media?parent=131"}],"curies":[{"name":"wp","href":"https:\/\/api.w.org\/{rel}","templated":true}]}}