{"id":114,"date":"2021-11-10T04:28:02","date_gmt":"2021-11-10T08:28:02","guid":{"rendered":"https:\/\/espacioconvalor.com\/site\/?page_id=114"},"modified":"2021-11-11T08:28:49","modified_gmt":"2021-11-11T12:28:49","slug":"la-empresa","status":"publish","type":"page","link":"https:\/\/espacioconvalor.com\/site\/quienes-somos\/la-empresa\/","title":{"rendered":"La Empresa"},"content":{"rendered":"<div class=\"wpb-content-wrapper\"><p>[vc_row][vc_column width=&#8221;1\/2&#8243;][vc_column_text]<\/p>\n<h2>Misi\u00f3n:<\/h2>\n<p>Contribuir a la felicidad desde las finanzas personales, a trav\u00e9s de nuestras metodolog\u00edas pr\u00e1cticas, sencillas y de alto impacto sobre el bienestar financiero de los individuos.[\/vc_column_text][vc_empty_space][vc_column_text]<\/p>\n<h2>Valores:<\/h2>\n<ul>\n<li>Compromiso<\/li>\n<li>Responsabilidad<\/li>\n<li>Liderazgo<\/li>\n<li>Innovaci\u00f3n<\/li>\n<\/ul>\n<p>[\/vc_column_text][\/vc_column][vc_column width=&#8221;1\/2&#8243;][vc_video link=&#8221;https:\/\/www.youtube.com\/watch?v=FlZNPDhUN2g&#8221;][\/vc_column][\/vc_row]<\/p>\n<\/div>","protected":false},"excerpt":{"rendered":"<p>[vc_row][vc_column width=&#8221;1\/2&#8243;][vc_column_text] Misi\u00f3n: Contribuir a la felicidad desde las finanzas personales, a trav\u00e9s de nuestras metodolog\u00edas pr\u00e1cticas, sencillas y de [&hellip;]<\/p>\n","protected":false},"author":2,"featured_media":0,"parent":131,"menu_order":0,"comment_status":"closed","ping_status":"closed","template":"","meta":{"footnotes":""},"class_list":["post-114","page","type-page","status-publish","hentry"],"yoast_head":"<!-- This site is optimized with the Yoast SEO plugin v26.9 - https:\/\/yoast.com\/product\/yoast-seo-wordpress\/ -->\n<title>La Empresa - Espacio Con Valor<\/title>\n<meta name=\"robots\" content=\"index, follow, max-snippet:-1, max-image-preview:large, max-video-preview:-1\" \/>\n<link rel=\"canonical\" href=\"https:\/\/espacioconvalor.com\/site\/quienes-somos\/la-empresa\/\" \/>\n<meta property=\"og:locale\" content=\"es_ES\" \/>\n<meta property=\"og:type\" content=\"article\" \/>\n<meta property=\"og:title\" content=\"La Empresa - Espacio Con Valor\" \/>\n<meta property=\"og:description\" content=\"[vc_row][vc_column width=&#8221;1\/2&#8243;][vc_column_text] Misi\u00f3n: Contribuir a la felicidad desde las finanzas personales, a trav\u00e9s de nuestras metodolog\u00edas pr\u00e1cticas, sencillas y de [&hellip;]\" \/>\n<meta property=\"og:url\" content=\"https:\/\/espacioconvalor.com\/site\/quienes-somos\/la-empresa\/\" \/>\n<meta property=\"og:site_name\" content=\"Espacio Con Valor\" \/>\n<meta property=\"article:modified_time\" content=\"2021-11-11T12:28:49+00:00\" \/>\n<meta name=\"twitter:card\" content=\"summary_large_image\" \/>\n<script type=\"application\/ld+json\" class=\"yoast-schema-graph\">{\"@context\":\"https:\/\/schema.org\",\"@graph\":[{\"@type\":\"WebPage\",\"@id\":\"https:\/\/espacioconvalor.com\/site\/quienes-somos\/la-empresa\/\",\"url\":\"https:\/\/espacioconvalor.com\/site\/quienes-somos\/la-empresa\/\",\"name\":\"La Empresa - Espacio Con Valor\",\"isPartOf\":{\"@id\":\"https:\/\/espacioconvalor.com\/site\/#website\"},\"datePublished\":\"2021-11-10T08:28:02+00:00\",\"dateModified\":\"2021-11-11T12:28:49+00:00\",\"breadcrumb\":{\"@id\":\"https:\/\/espacioconvalor.com\/site\/quienes-somos\/la-empresa\/#breadcrumb\"},\"inLanguage\":\"es\",\"potentialAction\":[{\"@type\":\"ReadAction\",\"target\":[\"https:\/\/espacioconvalor.com\/site\/quienes-somos\/la-empresa\/\"]}]},{\"@type\":\"BreadcrumbList\",\"@id\":\"https:\/\/espacioconvalor.com\/site\/quienes-somos\/la-empresa\/#breadcrumb\",\"itemListElement\":[{\"@type\":\"ListItem\",\"position\":1,\"name\":\"Qui\u00e9nes Somos\",\"item\":\"https:\/\/espacioconvalor.com\/site\/quienes-somos\/\"},{\"@type\":\"ListItem\",\"position\":2,\"name\":\"La Empresa\"}]},{\"@type\":\"WebSite\",\"@id\":\"https:\/\/espacioconvalor.com\/site\/#website\",\"url\":\"https:\/\/espacioconvalor.com\/site\/\",\"name\":\"Espacio Con Valor\",\"description\":\"Finanzas f\u00e1ciles para tu bienestar\",\"potentialAction\":[{\"@type\":\"SearchAction\",\"target\":{\"@type\":\"EntryPoint\",\"urlTemplate\":\"https:\/\/espacioconvalor.com\/site\/?s={search_term_string}\"},\"query-input\":{\"@type\":\"PropertyValueSpecification\",\"valueRequired\":true,\"valueName\":\"search_term_string\"}}],\"inLanguage\":\"es\"}]}<\/script>\n<!-- \/ Yoast SEO plugin. -->","yoast_head_json":{"title":"La Empresa - Espacio Con Valor","robots":{"index":"index","follow":"follow","max-snippet":"max-snippet:-1","max-image-preview":"max-image-preview:large","max-video-preview":"max-video-preview:-1"},"canonical":"https:\/\/espacioconvalor.com\/site\/quienes-somos\/la-empresa\/","og_locale":"es_ES","og_type":"article","og_title":"La Empresa - Espacio Con Valor","og_description":"[vc_row][vc_column width=&#8221;1\/2&#8243;][vc_column_text] Misi\u00f3n: Contribuir a la felicidad desde las finanzas personales, a trav\u00e9s de nuestras metodolog\u00edas pr\u00e1cticas, sencillas y de [&hellip;]","og_url":"https:\/\/espacioconvalor.com\/site\/quienes-somos\/la-empresa\/","og_site_name":"Espacio Con Valor","article_modified_time":"2021-11-11T12:28:49+00:00","twitter_card":"summary_large_image","schema":{"@context":"https:\/\/schema.org","@graph":[{"@type":"WebPage","@id":"https:\/\/espacioconvalor.com\/site\/quienes-somos\/la-empresa\/","url":"https:\/\/espacioconvalor.com\/site\/quienes-somos\/la-empresa\/","name":"La Empresa - Espacio Con Valor","isPartOf":{"@id":"https:\/\/espacioconvalor.com\/site\/#website"},"datePublished":"2021-11-10T08:28:02+00:00","dateModified":"2021-11-11T12:28:49+00:00","breadcrumb":{"@id":"https:\/\/espacioconvalor.com\/site\/quienes-somos\/la-empresa\/#breadcrumb"},"inLanguage":"es","potentialAction":[{"@type":"ReadAction","target":["https:\/\/espacioconvalor.com\/site\/quienes-somos\/la-empresa\/"]}]},{"@type":"BreadcrumbList","@id":"https:\/\/espacioconvalor.com\/site\/quienes-somos\/la-empresa\/#breadcrumb","itemListElement":[{"@type":"ListItem","position":1,"name":"Qui\u00e9nes Somos","item":"https:\/\/espacioconvalor.com\/site\/quienes-somos\/"},{"@type":"ListItem","position":2,"name":"La Empresa"}]},{"@type":"WebSite","@id":"https:\/\/espacioconvalor.com\/site\/#website","url":"https:\/\/espacioconvalor.com\/site\/","name":"Espacio Con Valor","description":"Finanzas f\u00e1ciles para tu bienestar","potentialAction":[{"@type":"SearchAction","target":{"@type":"EntryPoint","urlTemplate":"https:\/\/espacioconvalor.com\/site\/?s={search_term_string}"},"query-input":{"@type":"PropertyValueSpecification","valueRequired":true,"valueName":"search_term_string"}}],"inLanguage":"es"}]}},"_links":{"self":[{"href":"https:\/\/espacioconvalor.com\/site\/wp-json\/wp\/v2\/pages\/114","targetHints":{"allow":["GET"]}}],"collection":[{"href":"https:\/\/espacioconvalor.com\/site\/wp-json\/wp\/v2\/pages"}],"about":[{"href":"https:\/\/espacioconvalor.com\/site\/wp-json\/wp\/v2\/types\/page"}],"author":[{"embeddable":true,"href":"https:\/\/espacioconvalor.com\/site\/wp-json\/wp\/v2\/users\/2"}],"replies":[{"embeddable":true,"href":"https:\/\/espacioconvalor.com\/site\/wp-json\/wp\/v2\/comments?post=114"}],"version-history":[{"count":5,"href":"https:\/\/espacioconvalor.com\/site\/wp-json\/wp\/v2\/pages\/114\/revisions"}],"predecessor-version":[{"id":146,"href":"https:\/\/espacioconvalor.com\/site\/wp-json\/wp\/v2\/pages\/114\/revisions\/146"}],"up":[{"embeddable":true,"href":"https:\/\/espacioconvalor.com\/site\/wp-json\/wp\/v2\/pages\/131"}],"wp:attachment":[{"href":"https:\/\/espacioconvalor.com\/site\/wp-json\/wp\/v2\/media?parent=114"}],"curies":[{"name":"wp","href":"https:\/\/api.w.org\/{rel}","templated":true}]}}